{"id":3947,"date":"2026-03-20T13:29:38","date_gmt":"2026-03-20T13:29:38","guid":{"rendered":"https:\/\/leparadiscachedulimousin.com\/?page_id=3947"},"modified":"2026-03-20T14:07:10","modified_gmt":"2026-03-20T14:07:10","slug":"contact-us","status":"publish","type":"page","link":"https:\/\/leparadiscachedulimousin.com\/index.php\/contact-us\/","title":{"rendered":"Contact us"},"content":{"rendered":"\t\t<div data-elementor-type=\"wp-page\" data-elementor-id=\"3947\" class=\"elementor elementor-3947\">\n\t\t\t\t\t\t\t\t\t<section class=\"elementor-section elementor-top-section elementor-element elementor-element-b2a2184 elementor-section-height-min-height elementor-section-boxed elementor-section-height-default elementor-section-items-middle\" data-id=\"b2a2184\" data-element_type=\"section\" data-settings=\"{&quot;background_background&quot;:&quot;classic&quot;}\">\n\t\t\t\t\t\t<div class=\"elementor-container elementor-column-gap-default\">\n\t\t\t\t\t<div class=\"elementor-column elementor-col-100 elementor-top-column elementor-element elementor-element-21bfa22a\" data-id=\"21bfa22a\" data-element_type=\"column\">\n\t\t\t<div class=\"elementor-widget-wrap elementor-element-populated\">\n\t\t\t\t\t\t\t\t<div class=\"elementor-element elementor-element-64913254 elementor-widget elementor-widget-heading\" data-id=\"64913254\" data-element_type=\"widget\" data-widget_type=\"heading.default\">\n\t\t\t\t<div class=\"elementor-widget-container\">\n\t\t\t<style>\/*! elementor - v3.16.0 - 20-09-2023 *\/\n.elementor-heading-title{padding:0;margin:0;line-height:1}.elementor-widget-heading .elementor-heading-title[class*=elementor-size-]>a{color:inherit;font-size:inherit;line-height:inherit}.elementor-widget-heading .elementor-heading-title.elementor-size-small{font-size:15px}.elementor-widget-heading .elementor-heading-title.elementor-size-medium{font-size:19px}.elementor-widget-heading .elementor-heading-title.elementor-size-large{font-size:29px}.elementor-widget-heading .elementor-heading-title.elementor-size-xl{font-size:39px}.elementor-widget-heading .elementor-heading-title.elementor-size-xxl{font-size:59px}<\/style><h1 class=\"elementor-heading-title elementor-size-default\">Contact us<\/h1>\t\t<\/div>\n\t\t\t\t<\/div>\n\t\t\t\t\t<\/div>\n\t\t<\/div>\n\t\t\t\t\t\t\t<\/div>\n\t\t<\/section>\n\t\t<div class=\"elementor-element elementor-element-12a8a52 e-flex e-con-boxed e-con e-parent\" data-id=\"12a8a52\" data-element_type=\"container\" data-settings=\"{&quot;content_width&quot;:&quot;boxed&quot;}\" data-core-v316-plus=\"true\">\n\t\t\t\t\t<div class=\"e-con-inner\">\n\t\t<div class=\"elementor-element elementor-element-b5e8b54 e-con-full e-flex e-con e-child\" data-id=\"b5e8b54\" data-element_type=\"container\" data-settings=\"{&quot;content_width&quot;:&quot;full&quot;}\">\n\t\t\t\t<div class=\"elementor-element elementor-element-b6740b3 elementor-widget elementor-widget-heading\" data-id=\"b6740b3\" data-element_type=\"widget\" data-widget_type=\"heading.default\">\n\t\t\t\t<div class=\"elementor-widget-container\">\n\t\t\t<h2 class=\"elementor-heading-title elementor-size-default\">Contact by email<\/h2>\t\t<\/div>\n\t\t\t\t<\/div>\n\t\t\t\t<div class=\"elementor-element elementor-element-d26736c elementor-widget elementor-widget-toggle\" data-id=\"d26736c\" data-element_type=\"widget\" data-widget_type=\"toggle.default\">\n\t\t\t\t<div class=\"elementor-widget-container\">\n\t\t\t<style>\/*! elementor - v3.16.0 - 20-09-2023 *\/\n.elementor-toggle{text-align:left}.elementor-toggle .elementor-tab-title{font-weight:700;line-height:1;margin:0;padding:15px;border-bottom:1px solid #d5d8dc;cursor:pointer;outline:none}.elementor-toggle .elementor-tab-title .elementor-toggle-icon{display:inline-block;width:1em}.elementor-toggle .elementor-tab-title .elementor-toggle-icon svg{margin-inline-start:-5px;width:1em;height:1em}.elementor-toggle .elementor-tab-title .elementor-toggle-icon.elementor-toggle-icon-right{float:right;text-align:right}.elementor-toggle .elementor-tab-title .elementor-toggle-icon.elementor-toggle-icon-left{float:left;text-align:left}.elementor-toggle .elementor-tab-title .elementor-toggle-icon .elementor-toggle-icon-closed{display:block}.elementor-toggle .elementor-tab-title .elementor-toggle-icon .elementor-toggle-icon-opened{display:none}.elementor-toggle .elementor-tab-title.elementor-active{border-bottom:none}.elementor-toggle .elementor-tab-title.elementor-active .elementor-toggle-icon-closed{display:none}.elementor-toggle .elementor-tab-title.elementor-active .elementor-toggle-icon-opened{display:block}.elementor-toggle .elementor-tab-content{padding:15px;border-bottom:1px solid #d5d8dc;display:none}@media (max-width:767px){.elementor-toggle .elementor-tab-title{padding:12px}.elementor-toggle .elementor-tab-content{padding:12px 10px}}.e-con-inner>.elementor-widget-toggle,.e-con>.elementor-widget-toggle{width:var(--container-widget-width);--flex-grow:var(--container-widget-flex-grow)}<\/style>\t\t<div class=\"elementor-toggle\">\n\t\t\t\t\t\t\t<div class=\"elementor-toggle-item\">\n\t\t\t\t\t<div id=\"elementor-tab-title-2201\" class=\"elementor-tab-title\" data-tab=\"1\" role=\"button\" aria-controls=\"elementor-tab-content-2201\" aria-expanded=\"false\">\n\t\t\t\t\t\t\t\t\t\t\t\t<span class=\"elementor-toggle-icon elementor-toggle-icon-left\" aria-hidden=\"true\">\n\t\t\t\t\t\t\t\t\t\t\t\t\t\t\t<span class=\"elementor-toggle-icon-closed\"><i class=\"fas fa-caret-right\"><\/i><\/span>\n\t\t\t\t\t\t\t\t<span class=\"elementor-toggle-icon-opened\"><i class=\"elementor-toggle-icon-opened fas fa-caret-up\"><\/i><\/span>\n\t\t\t\t\t\t\t\t\t\t\t\t\t<\/span>\n\t\t\t\t\t\t\t\t\t\t\t\t<a class=\"elementor-toggle-title\" tabindex=\"0\">ENG<\/a>\n\t\t\t\t\t<\/div>\n\n\t\t\t\t\t<div id=\"elementor-tab-content-2201\" class=\"elementor-tab-content elementor-clearfix\" data-tab=\"1\" role=\"region\" aria-labelledby=\"elementor-tab-title-2201\"><div dir=\"auto\"><div dir=\"auto\">Contact by email<\/div><div dir=\"auto\">\u00a0<\/div><div dir=\"auto\">If you feel a connection with this place, you are warmly welcome to reach out.<\/div><div dir=\"auto\">\u00a0<\/div><div dir=\"auto\">You can send us an email with your questions, your wishes, or simply a few words about yourself.<\/div><div dir=\"auto\">\u00a0<\/div><div dir=\"auto\">We usually respond within 1\u20132 days.<\/div><div dir=\"auto\">We live close to nature and are not always on our phones, but we will always get back to you.<\/div><div dir=\"auto\">\u00a0<\/div><div dir=\"auto\">We personally read every message and take the time to respond with care.<\/div><div dir=\"auto\">\u00a0<\/div><div dir=\"auto\"><a href=\"mailto:leparadiscachedulimousin@gmail.com\" target=\"_blank\" rel=\"noopener\">leparadiscachedulimousin@<wbr \/>gmail.com<\/a><\/div><div dir=\"auto\">\u00a0<\/div><div dir=\"auto\">Not sure if this place is right for you?<\/div><div dir=\"auto\">\u00a0<\/div><div dir=\"auto\">Feel free to send us a message &#8211; no pressure, just a conversation.<\/div><\/div><\/div>\n\t\t\t\t<\/div>\n\t\t\t\t\t\t\t<div class=\"elementor-toggle-item\">\n\t\t\t\t\t<div id=\"elementor-tab-title-2202\" class=\"elementor-tab-title\" data-tab=\"2\" role=\"button\" aria-controls=\"elementor-tab-content-2202\" aria-expanded=\"false\">\n\t\t\t\t\t\t\t\t\t\t\t\t<span class=\"elementor-toggle-icon elementor-toggle-icon-left\" aria-hidden=\"true\">\n\t\t\t\t\t\t\t\t\t\t\t\t\t\t\t<span class=\"elementor-toggle-icon-closed\"><i class=\"fas fa-caret-right\"><\/i><\/span>\n\t\t\t\t\t\t\t\t<span class=\"elementor-toggle-icon-opened\"><i class=\"elementor-toggle-icon-opened fas fa-caret-up\"><\/i><\/span>\n\t\t\t\t\t\t\t\t\t\t\t\t\t<\/span>\n\t\t\t\t\t\t\t\t\t\t\t\t<a class=\"elementor-toggle-title\" tabindex=\"0\">NL<\/a>\n\t\t\t\t\t<\/div>\n\n\t\t\t\t\t<div id=\"elementor-tab-content-2202\" class=\"elementor-tab-content elementor-clearfix\" data-tab=\"2\" role=\"region\" aria-labelledby=\"elementor-tab-title-2202\"><div dir=\"auto\"><div dir=\"auto\">Contact via e-mail<\/div><div dir=\"auto\">\u00a0<\/div><div dir=\"auto\">Voel je een verbinding met deze plek, dan ben je van harte welkom om contact op te nemen.<\/div><div dir=\"auto\">\u00a0<\/div><div dir=\"auto\">Je kunt ons een e-mail sturen met je vragen, je wensen, of gewoon een paar woorden over jezelf.<\/div><div dir=\"auto\">\u00a0<\/div><div dir=\"auto\">We reageren meestal binnen 1\u20132 dagen.<\/div><div dir=\"auto\">We leven dicht bij de natuur en zijn niet altijd op onze telefoon, maar we antwoorden altijd.<\/div><div dir=\"auto\">\u00a0<\/div><div dir=\"auto\">We lezen elk bericht zelf en nemen de tijd om met aandacht te reageren.<\/div><div dir=\"auto\">\u00a0<\/div><div dir=\"auto\"><a href=\"mailto:leparadiscachedulimousin@gmail.com\" target=\"_blank\" rel=\"noopener\">leparadiscachedulimousin@<wbr \/>gmail.com<\/a><\/div><div dir=\"auto\">\u00a0<\/div><div dir=\"auto\">Twijfel je of deze plek bij je past?<\/div><div dir=\"auto\">\u00a0<\/div><div dir=\"auto\">Stuur ons gerust een bericht \u2014 zonder druk, gewoon een gesprek.<\/div><\/div><\/div>\n\t\t\t\t<\/div>\n\t\t\t\t\t\t\t<div class=\"elementor-toggle-item\">\n\t\t\t\t\t<div id=\"elementor-tab-title-2203\" class=\"elementor-tab-title\" data-tab=\"3\" role=\"button\" aria-controls=\"elementor-tab-content-2203\" aria-expanded=\"false\">\n\t\t\t\t\t\t\t\t\t\t\t\t<span class=\"elementor-toggle-icon elementor-toggle-icon-left\" aria-hidden=\"true\">\n\t\t\t\t\t\t\t\t\t\t\t\t\t\t\t<span class=\"elementor-toggle-icon-closed\"><i class=\"fas fa-caret-right\"><\/i><\/span>\n\t\t\t\t\t\t\t\t<span class=\"elementor-toggle-icon-opened\"><i class=\"elementor-toggle-icon-opened fas fa-caret-up\"><\/i><\/span>\n\t\t\t\t\t\t\t\t\t\t\t\t\t<\/span>\n\t\t\t\t\t\t\t\t\t\t\t\t<a class=\"elementor-toggle-title\" tabindex=\"0\">FR<\/a>\n\t\t\t\t\t<\/div>\n\n\t\t\t\t\t<div id=\"elementor-tab-content-2203\" class=\"elementor-tab-content elementor-clearfix\" data-tab=\"3\" role=\"region\" aria-labelledby=\"elementor-tab-title-2203\"><div dir=\"auto\"><div dir=\"auto\">Contact par e-mail<\/div><div dir=\"auto\">\u00a0<\/div><div dir=\"auto\">Si vous ressentez un lien avec ce lieu, vous \u00eates les bienvenus pour nous \u00e9crire.<\/div><div dir=\"auto\">\u00a0<\/div><div dir=\"auto\">Vous pouvez nous envoyer un e-mail avec vos questions, vos envies, ou simplement quelques mots sur vous.<\/div><div dir=\"auto\">\u00a0<\/div><div dir=\"auto\">Nous r\u00e9pondons g\u00e9n\u00e9ralement sous 1 \u00e0 2 jours.<\/div><div dir=\"auto\">Nous vivons proches de la nature et ne sommes pas toujours sur nos t\u00e9l\u00e9phones, mais nous vous r\u00e9pondrons toujours.<\/div><div dir=\"auto\">\u00a0<\/div><div dir=\"auto\">Nous lisons chaque message personnellement et prenons le temps de r\u00e9pondre avec attention.<\/div><div dir=\"auto\">\u00a0<\/div><div dir=\"auto\"><a href=\"mailto:leparadiscachedulimousin@gmail.com\" target=\"_blank\" rel=\"noopener\">leparadiscachedulimousin@<wbr \/>gmail.com<\/a><\/div><div dir=\"auto\">\u00a0<\/div><div dir=\"auto\">Vous ne savez pas si ce lieu est fait pour vous ?<\/div><div dir=\"auto\">\u00a0<\/div><div dir=\"auto\">N\u2019h\u00e9sitez pas \u00e0 nous \u00e9crire \u2014 sans pression, simplement pour \u00e9changer.<\/div><\/div><\/div>\n\t\t\t\t<\/div>\n\t\t\t\t\t\t\t\t<\/div>\n\t\t\t\t<\/div>\n\t\t\t\t<\/div>\n\t\t\t\t<\/div>\n\t\t<div class=\"elementor-element elementor-element-49383dd e-con-full e-flex e-con e-child\" data-id=\"49383dd\" data-element_type=\"container\" data-settings=\"{&quot;content_width&quot;:&quot;full&quot;}\">\n\t\t\t\t<div class=\"elementor-element elementor-element-8a89ff2 elementor-widget elementor-widget-heading\" data-id=\"8a89ff2\" data-element_type=\"widget\" data-widget_type=\"heading.default\">\n\t\t\t\t<div class=\"elementor-widget-container\">\n\t\t\t<h2 class=\"elementor-heading-title elementor-size-default\">Contact by whatsapp<\/h2>\t\t<\/div>\n\t\t\t\t<\/div>\n\t\t\t\t<div class=\"elementor-element elementor-element-6d2d6d2 elementor-widget elementor-widget-toggle\" data-id=\"6d2d6d2\" data-element_type=\"widget\" data-widget_type=\"toggle.default\">\n\t\t\t\t<div class=\"elementor-widget-container\">\n\t\t\t\t\t<div class=\"elementor-toggle\">\n\t\t\t\t\t\t\t<div class=\"elementor-toggle-item\">\n\t\t\t\t\t<div id=\"elementor-tab-title-1141\" class=\"elementor-tab-title\" data-tab=\"1\" role=\"button\" aria-controls=\"elementor-tab-content-1141\" aria-expanded=\"false\">\n\t\t\t\t\t\t\t\t\t\t\t\t<span class=\"elementor-toggle-icon elementor-toggle-icon-left\" aria-hidden=\"true\">\n\t\t\t\t\t\t\t\t\t\t\t\t\t\t\t<span class=\"elementor-toggle-icon-closed\"><i class=\"fas fa-caret-right\"><\/i><\/span>\n\t\t\t\t\t\t\t\t<span class=\"elementor-toggle-icon-opened\"><i class=\"elementor-toggle-icon-opened fas fa-caret-up\"><\/i><\/span>\n\t\t\t\t\t\t\t\t\t\t\t\t\t<\/span>\n\t\t\t\t\t\t\t\t\t\t\t\t<a class=\"elementor-toggle-title\" tabindex=\"0\">ENG<\/a>\n\t\t\t\t\t<\/div>\n\n\t\t\t\t\t<div id=\"elementor-tab-content-1141\" class=\"elementor-tab-content elementor-clearfix\" data-tab=\"1\" role=\"region\" aria-labelledby=\"elementor-tab-title-1141\"><div dir=\"auto\"><div dir=\"auto\">For short questions or quick contact, you can also send us a message via WhatsApp.<\/div><div dir=\"auto\">\u00a0<\/div><div dir=\"auto\">This is often the easiest way to check availability or ask something practical.<\/div><div dir=\"auto\">\u00a0<\/div><\/div><div dir=\"auto\">Please include your dates and number of guests<\/div><div dir=\"auto\"><div dir=\"auto\">\u00a0<\/div><div dir=\"auto\">+33 620058637<\/div><\/div><\/div>\n\t\t\t\t<\/div>\n\t\t\t\t\t\t\t<div class=\"elementor-toggle-item\">\n\t\t\t\t\t<div id=\"elementor-tab-title-1142\" class=\"elementor-tab-title\" data-tab=\"2\" role=\"button\" aria-controls=\"elementor-tab-content-1142\" aria-expanded=\"false\">\n\t\t\t\t\t\t\t\t\t\t\t\t<span class=\"elementor-toggle-icon elementor-toggle-icon-left\" aria-hidden=\"true\">\n\t\t\t\t\t\t\t\t\t\t\t\t\t\t\t<span class=\"elementor-toggle-icon-closed\"><i class=\"fas fa-caret-right\"><\/i><\/span>\n\t\t\t\t\t\t\t\t<span class=\"elementor-toggle-icon-opened\"><i class=\"elementor-toggle-icon-opened fas fa-caret-up\"><\/i><\/span>\n\t\t\t\t\t\t\t\t\t\t\t\t\t<\/span>\n\t\t\t\t\t\t\t\t\t\t\t\t<a class=\"elementor-toggle-title\" tabindex=\"0\">NL<\/a>\n\t\t\t\t\t<\/div>\n\n\t\t\t\t\t<div id=\"elementor-tab-content-1142\" class=\"elementor-tab-content elementor-clearfix\" data-tab=\"2\" role=\"region\" aria-labelledby=\"elementor-tab-title-1142\"><div dir=\"auto\">Contact via WhatsApp<\/div><div dir=\"auto\">\u00a0<\/div><div dir=\"auto\">Voor korte vragen of snel contact kun je ons ook een bericht sturen via WhatsApp.<\/div><div dir=\"auto\">\u00a0<\/div><div dir=\"auto\">Dit is vaak de makkelijkste manier om beschikbaarheid te checken of iets praktisch te vragen.<\/div><div dir=\"auto\">\u00a0<\/div><div dir=\"auto\">vermeld graag je gewenste data en het aantal personen.<\/div><div dir=\"auto\">\u00a0<\/div><p>+33 620058637<\/p><\/div>\n\t\t\t\t<\/div>\n\t\t\t\t\t\t\t<div class=\"elementor-toggle-item\">\n\t\t\t\t\t<div id=\"elementor-tab-title-1143\" class=\"elementor-tab-title\" data-tab=\"3\" role=\"button\" aria-controls=\"elementor-tab-content-1143\" aria-expanded=\"false\">\n\t\t\t\t\t\t\t\t\t\t\t\t<span class=\"elementor-toggle-icon elementor-toggle-icon-left\" aria-hidden=\"true\">\n\t\t\t\t\t\t\t\t\t\t\t\t\t\t\t<span class=\"elementor-toggle-icon-closed\"><i class=\"fas fa-caret-right\"><\/i><\/span>\n\t\t\t\t\t\t\t\t<span class=\"elementor-toggle-icon-opened\"><i class=\"elementor-toggle-icon-opened fas fa-caret-up\"><\/i><\/span>\n\t\t\t\t\t\t\t\t\t\t\t\t\t<\/span>\n\t\t\t\t\t\t\t\t\t\t\t\t<a class=\"elementor-toggle-title\" tabindex=\"0\">FR<\/a>\n\t\t\t\t\t<\/div>\n\n\t\t\t\t\t<div id=\"elementor-tab-content-1143\" class=\"elementor-tab-content elementor-clearfix\" data-tab=\"3\" role=\"region\" aria-labelledby=\"elementor-tab-title-1143\"><div dir=\"auto\">Contact par WhatsApp<\/div><div dir=\"auto\">\u00a0<\/div><div dir=\"auto\">Pour des questions rapides ou un contact direct, vous pouvez \u00e9galement nous \u00e9crire via WhatsApp.<\/div><div dir=\"auto\">\u00a0<\/div><div dir=\"auto\">C\u2019est souvent le moyen le plus simple pour v\u00e9rifier les disponibilit\u00e9s ou poser une question pratique.<\/div><div dir=\"auto\">\u00a0<\/div><div dir=\"auto\">Merci d&#8217;indiquer vos dates souhait\u00e9es et le nombre de personnes.<\/div><div dir=\"auto\">\u00a0<\/div><p>+33 620058637<\/p><\/div>\n\t\t\t\t<\/div>\n\t\t\t\t\t\t\t\t<\/div>\n\t\t\t\t<\/div>\n\t\t\t\t<\/div>\n\t\t\t\t<\/div>\n\t\t\t\t\t<\/div>\n\t\t\t\t<\/div>\n\t\t\t\t\t\t\t<\/div>\n\t\t","protected":false},"excerpt":{"rendered":"<p>Contact us Contact by email ENG Contact by email\u00a0If you feel a connection with this place, you are warmly welcome to reach out.\u00a0You can send us an email with your questions, your wishes, or simply a few words about yourself.\u00a0We usually respond within 1\u20132 days.We live close to nature and are not always on our &hellip;<\/p>\n<p class=\"read-more\"> <a class=\"\" href=\"https:\/\/leparadiscachedulimousin.com\/index.php\/contact-us\/\"> <span class=\"screen-reader-text\">Contact us<\/span> Read More &raquo;<\/a><\/p>\n","protected":false},"author":1,"featured_media":0,"parent":0,"menu_order":0,"comment_status":"closed","ping_status":"closed","template":"","meta":{"site-sidebar-layout":"no-sidebar","site-content-layout":"page-builder","ast-site-content-layout":"full-width-container","site-content-style":"default","site-sidebar-style":"default","ast-global-header-display":"","ast-banner-title-visibility":"","ast-main-header-display":"","ast-hfb-above-header-display":"","ast-hfb-below-header-display":"","ast-hfb-mobile-header-display":"","site-post-title":"disabled","ast-breadcrumbs-content":"","ast-featured-img":"disabled","footer-sml-layout":"","theme-transparent-header-meta":"","adv-header-id-meta":"","stick-header-meta":"","header-above-stick-meta":"","header-main-stick-meta":"","header-below-stick-meta":"","astra-migrate-meta-layouts":"set","footnotes":""},"class_list":["post-3947","page","type-page","status-publish","hentry"],"_links":{"self":[{"href":"https:\/\/leparadiscachedulimousin.com\/index.php\/wp-json\/wp\/v2\/pages\/3947","targetHints":{"allow":["GET"]}}],"collection":[{"href":"https:\/\/leparadiscachedulimousin.com\/index.php\/wp-json\/wp\/v2\/pages"}],"about":[{"href":"https:\/\/leparadiscachedulimousin.com\/index.php\/wp-json\/wp\/v2\/types\/page"}],"author":[{"embeddable":true,"href":"https:\/\/leparadiscachedulimousin.com\/index.php\/wp-json\/wp\/v2\/users\/1"}],"replies":[{"embeddable":true,"href":"https:\/\/leparadiscachedulimousin.com\/index.php\/wp-json\/wp\/v2\/comments?post=3947"}],"version-history":[{"count":14,"href":"https:\/\/leparadiscachedulimousin.com\/index.php\/wp-json\/wp\/v2\/pages\/3947\/revisions"}],"predecessor-version":[{"id":3965,"href":"https:\/\/leparadiscachedulimousin.com\/index.php\/wp-json\/wp\/v2\/pages\/3947\/revisions\/3965"}],"wp:attachment":[{"href":"https:\/\/leparadiscachedulimousin.com\/index.php\/wp-json\/wp\/v2\/media?parent=3947"}],"curies":[{"name":"wp","href":"https:\/\/api.w.org\/{rel}","templated":true}]}}